{"id":90,"date":"2016-08-06T16:11:37","date_gmt":"2016-08-06T16:11:37","guid":{"rendered":"http:\/\/kirsten-klein.de\/?page_id=90"},"modified":"2016-08-06T16:11:42","modified_gmt":"2016-08-06T16:11:42","slug":"mondlichtzauber-geschichten-um-mitternacht","status":"publish","type":"page","link":"https:\/\/kirsten-klein.de\/?page_id=90","title":{"rendered":"Mondlichtzauber \u2013 Geschichten um Mitternacht"},"content":{"rendered":"<p><img loading=\"lazy\" decoding=\"async\" class=\"alignnone size-medium wp-image-91\" src=\"http:\/\/kirsten-klein.de\/wp-content\/uploads\/2016\/08\/41pEN1C5yOL-279x300.jpg\" alt=\"41pEN1C5yOL\" width=\"279\" height=\"300\" srcset=\"https:\/\/kirsten-klein.de\/wp-content\/uploads\/2016\/08\/41pEN1C5yOL-279x300.jpg 279w, https:\/\/kirsten-klein.de\/wp-content\/uploads\/2016\/08\/41pEN1C5yOL.jpg 372w\" sizes=\"auto, (max-width: 279px) 100vw, 279px\" \/><\/p>\n<p>Erz\u00e4hlungen \u2013 Mit Fotografien von Olaf Schulze<\/p>\n<p>Der Friedhof \u2013 nur ein Ort f\u00fcr die Toten? Schon am Tage scheinen Grabst\u00e4tten eine besondere Magie auszustrahlen, und bei Nacht sieht sowieso alles anders aus.<\/p>\n<p>Im Zauber des Mondlichts kann man sich begegnen, einander finden \u2013 oder auch verlieren. Alles erscheint m\u00f6glich. Grenzen zerflie\u00dfen ineinander, l\u00f6sen sich mitunter g\u00e4nzlich auf. Bereiche unseres Bewusstseins, die uns f\u00fcr gew\u00f6hnlich verschlossen bleiben, werden unvermittelt zug\u00e4nglich, ohne sich uns indessen v\u00f6llig zu offenbaren.<\/p>\n<p>Das R\u00e4tselhafte, Geheimnisvolle \u2013 wir nehmen es stets mit in jeden neu anbrechenden Morgen.<\/p>\n<p class=\"western\">Bod, Paperback, 5,00 \u20ac, ISBN: 3-8334-0390-X<\/p>\n<p>&nbsp;<\/p>\n","protected":false},"excerpt":{"rendered":"<p>Erz\u00e4hlungen \u2013 Mit Fotografien von Olaf Schulze Der Friedhof \u2013 nur ein Ort f\u00fcr die Toten? Schon am Tage scheinen Grabst\u00e4tten eine besondere Magie auszustrahlen, und bei Nacht sieht sowieso alles anders aus. Im Zauber des Mondlichts kann man sich &hellip; <a href=\"https:\/\/kirsten-klein.de\/?page_id=90\">Weiterlesen <span class=\"meta-nav\">&rarr;<\/span><\/a><\/p>\n","protected":false},"author":1,"featured_media":0,"parent":0,"menu_order":0,"comment_status":"closed","ping_status":"closed","template":"","meta":{"footnotes":""},"class_list":["post-90","page","type-page","status-publish","hentry"],"_links":{"self":[{"href":"https:\/\/kirsten-klein.de\/index.php?rest_route=\/wp\/v2\/pages\/90","targetHints":{"allow":["GET"]}}],"collection":[{"href":"https:\/\/kirsten-klein.de\/index.php?rest_route=\/wp\/v2\/pages"}],"about":[{"href":"https:\/\/kirsten-klein.de\/index.php?rest_route=\/wp\/v2\/types\/page"}],"author":[{"embeddable":true,"href":"https:\/\/kirsten-klein.de\/index.php?rest_route=\/wp\/v2\/users\/1"}],"replies":[{"embeddable":true,"href":"https:\/\/kirsten-klein.de\/index.php?rest_route=%2Fwp%2Fv2%2Fcomments&post=90"}],"version-history":[{"count":1,"href":"https:\/\/kirsten-klein.de\/index.php?rest_route=\/wp\/v2\/pages\/90\/revisions"}],"predecessor-version":[{"id":93,"href":"https:\/\/kirsten-klein.de\/index.php?rest_route=\/wp\/v2\/pages\/90\/revisions\/93"}],"wp:attachment":[{"href":"https:\/\/kirsten-klein.de\/index.php?rest_route=%2Fwp%2Fv2%2Fmedia&parent=90"}],"curies":[{"name":"wp","href":"https:\/\/api.w.org\/{rel}","templated":true}]}}