{"id":75,"date":"2016-08-06T15:35:13","date_gmt":"2016-08-06T15:35:13","guid":{"rendered":"http:\/\/kirsten-klein.de\/?page_id=75"},"modified":"2016-12-14T10:56:46","modified_gmt":"2016-12-14T10:56:46","slug":"die-pfeile-gottes","status":"publish","type":"page","link":"https:\/\/kirsten-klein.de\/?page_id=75","title":{"rendered":"Die Pfeile Gottes \u2013 Pforzheim im sp\u00e4ten Mittelalter"},"content":{"rendered":"<p><img loading=\"lazy\" decoding=\"async\" class=\"alignnone size-medium wp-image-76\" src=\"http:\/\/kirsten-klein.de\/wp-content\/uploads\/2016\/08\/51RS4C9B9KL-180x300.jpg\" alt=\"51RS4C9B9KL\" width=\"180\" height=\"300\" srcset=\"https:\/\/kirsten-klein.de\/wp-content\/uploads\/2016\/08\/51RS4C9B9KL-180x300.jpg 180w, https:\/\/kirsten-klein.de\/wp-content\/uploads\/2016\/08\/51RS4C9B9KL.jpg 285w\" sizes=\"auto, (max-width: 180px) 100vw, 180px\" \/><\/p>\n<p>Historischer Roman<\/p>\n<p>Pforzheim wenige Jahre vor dem Eintritt ins sechzehnte Jahrhundert \u2013 d\u00fcstere Prophezeiungen, aber auch fortschrittliche Ver\u00e4nderungen, bestimmen das Leben der Menschen. Als der Patriziertochter Elisabeth von Salden das Tagebuch des Kanzleisekret\u00e4rs Markus Mender zuf\u00e4llt, kann sie nicht ahnen, was das darin verborgene Geheimnis in ihr bewirken wird. Tief davon betroffen, verbindet es sie mit Simon Berg, einem ungew\u00f6hnlichen Burschen aus dem Gerberviertel. Doch beider Wege drohen wieder auseinanderzuf\u00fchren, denn herausgeforderte M\u00e4chte lassen manches anders verlaufen als erhofft. \u00dcber allem lastet die Prophezeiung der &#8222;wilden Sibylle&#8220;, die mit ihrer Tochter Helena in einer Waldh\u00fctte haust. Sie wei\u00df nichts von Menders Geheimnis, das auch ihr Schicksal beeinflusst hat. Doch dann scheint tats\u00e4chlich Gottvater den Menschen zu z\u00fcrnen. Wer aber muss f\u00fcrchten, dass ihn seine Pfeile treffen, mit denen er die Pest zur Erde schickt?<\/p>\n<p>Stieglitz Verlag, Hardcover, ISBN: 3-7987-0341-8, nur noch antiquarisch erh\u00e4ltlich<\/p>\n","protected":false},"excerpt":{"rendered":"<p>Historischer Roman Pforzheim wenige Jahre vor dem Eintritt ins sechzehnte Jahrhundert \u2013 d\u00fcstere Prophezeiungen, aber auch fortschrittliche Ver\u00e4nderungen, bestimmen das Leben der Menschen. Als der Patriziertochter Elisabeth von Salden das Tagebuch des Kanzleisekret\u00e4rs Markus Mender zuf\u00e4llt, kann sie nicht ahnen, &hellip; <a href=\"https:\/\/kirsten-klein.de\/?page_id=75\">Weiterlesen <span class=\"meta-nav\">&rarr;<\/span><\/a><\/p>\n","protected":false},"author":1,"featured_media":0,"parent":0,"menu_order":0,"comment_status":"closed","ping_status":"closed","template":"","meta":{"footnotes":""},"class_list":["post-75","page","type-page","status-publish","hentry"],"_links":{"self":[{"href":"https:\/\/kirsten-klein.de\/index.php?rest_route=\/wp\/v2\/pages\/75","targetHints":{"allow":["GET"]}}],"collection":[{"href":"https:\/\/kirsten-klein.de\/index.php?rest_route=\/wp\/v2\/pages"}],"about":[{"href":"https:\/\/kirsten-klein.de\/index.php?rest_route=\/wp\/v2\/types\/page"}],"author":[{"embeddable":true,"href":"https:\/\/kirsten-klein.de\/index.php?rest_route=\/wp\/v2\/users\/1"}],"replies":[{"embeddable":true,"href":"https:\/\/kirsten-klein.de\/index.php?rest_route=%2Fwp%2Fv2%2Fcomments&post=75"}],"version-history":[{"count":4,"href":"https:\/\/kirsten-klein.de\/index.php?rest_route=\/wp\/v2\/pages\/75\/revisions"}],"predecessor-version":[{"id":122,"href":"https:\/\/kirsten-klein.de\/index.php?rest_route=\/wp\/v2\/pages\/75\/revisions\/122"}],"wp:attachment":[{"href":"https:\/\/kirsten-klein.de\/index.php?rest_route=%2Fwp%2Fv2%2Fmedia&parent=75"}],"curies":[{"name":"wp","href":"https:\/\/api.w.org\/{rel}","templated":true}]}}