{"id":64,"date":"2016-08-05T18:34:46","date_gmt":"2016-08-05T18:34:46","guid":{"rendered":"http:\/\/kirsten-klein.de\/?page_id=64"},"modified":"2016-08-17T09:06:13","modified_gmt":"2016-08-17T09:06:13","slug":"tochter-von-frankreich-das-geheimnis-der-dunkelgraefin","status":"publish","type":"page","link":"https:\/\/kirsten-klein.de\/?page_id=64","title":{"rendered":"Tochter von Frankreich \u2013 Das Geheimnis der Dunkelgr\u00e4fin"},"content":{"rendered":"<p><img loading=\"lazy\" decoding=\"async\" class=\"alignnone size-medium wp-image-65\" src=\"http:\/\/kirsten-klein.de\/wp-content\/uploads\/2016\/08\/Tochter-von-Frankreich-jpeg-f\u00fcr-Homepage-200x300.jpeg\" alt=\"Tochter von Frankreich jpeg f\u00fcr Homepage\" width=\"200\" height=\"300\" srcset=\"https:\/\/kirsten-klein.de\/wp-content\/uploads\/2016\/08\/Tochter-von-Frankreich-jpeg-f\u00fcr-Homepage-200x300.jpeg 200w, https:\/\/kirsten-klein.de\/wp-content\/uploads\/2016\/08\/Tochter-von-Frankreich-jpeg-f\u00fcr-Homepage.jpeg 340w\" sizes=\"auto, (max-width: 200px) 100vw, 200px\" \/><\/p>\n<p>Historischer Roman<\/p>\n<p class=\"western\" align=\"JUSTIFY\">Wohlbeh\u00fctet und fernab der N\u00f6te ihres Volkes, verbringt Marie Th\u00e9r\u00e8se Charlotte de Bourbon, die \u00e4lteste Tochter Marie Antoinettes, ihre Kindheit. Nach dem Verlust ihrer Familie und \u00fcber einem Jahr in Einzelhaft, soll die mittlerweile Siebzehnj\u00e4hrige im Austausch gegen franz\u00f6sische Gefangene nach Wien gebracht werden. Aber dort kommt sie niemals an, denn das Schicksal hat anderes mit ihr vor.<\/p>\n<p class=\"western\" align=\"JUSTIFY\">\u201eTochter von Frankreich \u2013 Das Geheimnis der Dunkelgr\u00e4fin\u201c schildert den Lebensweg von Frankreichs letzter Prinzessin Marie Th\u00e9r\u00e8se, wie er auch h\u00e4tte verlaufen k\u00f6nnen \u2013 als Geschichte eines au\u00dfergew\u00f6hnlichen Lebens und einer nicht minder au\u00dfergew\u00f6hnlichen Liebe zur Zeit der franz\u00f6sischen Revolution.<\/p>\n<p class=\"western\" align=\"JUSTIFY\">epubli, Paperback, 13,90 \u20ac, ISBN: 978-3-7418-3838-5<\/p>\n<p class=\"western\" align=\"JUSTIFY\">neobooks, eBook, 3,99 \u20ac, ISBN: 978-3-8476-9026-9<\/p>\n","protected":false},"excerpt":{"rendered":"<p>Historischer Roman Wohlbeh\u00fctet und fernab der N\u00f6te ihres Volkes, verbringt Marie Th\u00e9r\u00e8se Charlotte de Bourbon, die \u00e4lteste Tochter Marie Antoinettes, ihre Kindheit. Nach dem Verlust ihrer Familie und \u00fcber einem Jahr in Einzelhaft, soll die mittlerweile Siebzehnj\u00e4hrige im Austausch gegen &hellip; <a href=\"https:\/\/kirsten-klein.de\/?page_id=64\">Weiterlesen <span class=\"meta-nav\">&rarr;<\/span><\/a><\/p>\n","protected":false},"author":1,"featured_media":0,"parent":8,"menu_order":0,"comment_status":"closed","ping_status":"closed","template":"","meta":{"footnotes":""},"class_list":["post-64","page","type-page","status-publish","hentry"],"_links":{"self":[{"href":"https:\/\/kirsten-klein.de\/index.php?rest_route=\/wp\/v2\/pages\/64","targetHints":{"allow":["GET"]}}],"collection":[{"href":"https:\/\/kirsten-klein.de\/index.php?rest_route=\/wp\/v2\/pages"}],"about":[{"href":"https:\/\/kirsten-klein.de\/index.php?rest_route=\/wp\/v2\/types\/page"}],"author":[{"embeddable":true,"href":"https:\/\/kirsten-klein.de\/index.php?rest_route=\/wp\/v2\/users\/1"}],"replies":[{"embeddable":true,"href":"https:\/\/kirsten-klein.de\/index.php?rest_route=%2Fwp%2Fv2%2Fcomments&post=64"}],"version-history":[{"count":4,"href":"https:\/\/kirsten-klein.de\/index.php?rest_route=\/wp\/v2\/pages\/64\/revisions"}],"predecessor-version":[{"id":108,"href":"https:\/\/kirsten-klein.de\/index.php?rest_route=\/wp\/v2\/pages\/64\/revisions\/108"}],"up":[{"embeddable":true,"href":"https:\/\/kirsten-klein.de\/index.php?rest_route=\/wp\/v2\/pages\/8"}],"wp:attachment":[{"href":"https:\/\/kirsten-klein.de\/index.php?rest_route=%2Fwp%2Fv2%2Fmedia&parent=64"}],"curies":[{"name":"wp","href":"https:\/\/api.w.org\/{rel}","templated":true}]}}