{"id":200,"date":"2022-08-16T18:30:39","date_gmt":"2022-08-16T16:30:39","guid":{"rendered":"https:\/\/kirsten-klein.de\/?page_id=200"},"modified":"2022-08-16T18:30:39","modified_gmt":"2022-08-16T16:30:39","slug":"euphemia-chronik-einer-koenigstochter","status":"publish","type":"page","link":"https:\/\/kirsten-klein.de\/?page_id=200","title":{"rendered":"Euphemia \u2013 Chronik einer K\u00f6nigstochter"},"content":{"rendered":"<p><img loading=\"lazy\" decoding=\"async\" class=\"alignnone size-medium wp-image-199\" src=\"https:\/\/kirsten-klein.de\/wp-content\/uploads\/2022\/08\/U1_Euphemia_rgbweb-211x300.jpg\" alt=\"\" width=\"211\" height=\"300\" srcset=\"https:\/\/kirsten-klein.de\/wp-content\/uploads\/2022\/08\/U1_Euphemia_rgbweb-211x300.jpg 211w, https:\/\/kirsten-klein.de\/wp-content\/uploads\/2022\/08\/U1_Euphemia_rgbweb-722x1024.jpg 722w, https:\/\/kirsten-klein.de\/wp-content\/uploads\/2022\/08\/U1_Euphemia_rgbweb-768x1090.jpg 768w, https:\/\/kirsten-klein.de\/wp-content\/uploads\/2022\/08\/U1_Euphemia_rgbweb-1083x1536.jpg 1083w, https:\/\/kirsten-klein.de\/wp-content\/uploads\/2022\/08\/U1_Euphemia_rgbweb-1444x2048.jpg 1444w, https:\/\/kirsten-klein.de\/wp-content\/uploads\/2022\/08\/U1_Euphemia_rgbweb.jpg 1748w\" sizes=\"auto, (max-width: 211px) 100vw, 211px\" \/><\/p>\n<p>Historischer Roman (J. S. Klotz Verlagshaus, Softcover, ISBN: 978-3-949763-16-8, 17,90\u20ac)<\/p>\n<p>Warum stiehlt sich die Novizin Jutta n\u00e4chtens davon? Warum kasteit sich die greise Nonne Gottfrieda \u00fcber Geb\u00fchr? Welche Schuld lastet auf der verhuschten Barbara?<\/p>\n<p>Das fragt sich Ursula von Eulenburg, neu im Pforzheimer Dominikanerinnenkloster, um die Buchmeisterin zu unterst\u00fctzen. Allen gemein ist die Verehrung der heiligen Euphemia. Als Gertrud von K\u00f6ln kam die englische K\u00f6nigstochter Mitte des 14. Jahrhunderts nach Pforzheim, geflohen vor einer ungewollten Verm\u00e4hlung.<\/p>\n<p>Eines Nachts findet Ursula Euphemias Chronik und lernt beim Lesen die K\u00f6nigstochter abseits der \u00dcberlieferung kennen. Ungeheuerliche Wahrheiten f\u00fcgen sich zu einem Mosaik, dessen Tragweite bis ins aktuelle Klosterleben hineinragt und in eine Katastrophe zu m\u00fcnden droht. Ursula versucht Schlimmstes zu verhindern &#8230;<\/p>\n","protected":false},"excerpt":{"rendered":"<p>Historischer Roman (J. S. Klotz Verlagshaus, Softcover, ISBN: 978-3-949763-16-8, 17,90\u20ac) Warum stiehlt sich die Novizin Jutta n\u00e4chtens davon? Warum kasteit sich die greise Nonne Gottfrieda \u00fcber Geb\u00fchr? Welche Schuld lastet auf der verhuschten Barbara? Das fragt sich Ursula von Eulenburg, &hellip; <a href=\"https:\/\/kirsten-klein.de\/?page_id=200\">Weiterlesen <span class=\"meta-nav\">&rarr;<\/span><\/a><\/p>\n","protected":false},"author":1,"featured_media":0,"parent":0,"menu_order":0,"comment_status":"closed","ping_status":"closed","template":"","meta":{"footnotes":""},"class_list":["post-200","page","type-page","status-publish","hentry"],"_links":{"self":[{"href":"https:\/\/kirsten-klein.de\/index.php?rest_route=\/wp\/v2\/pages\/200","targetHints":{"allow":["GET"]}}],"collection":[{"href":"https:\/\/kirsten-klein.de\/index.php?rest_route=\/wp\/v2\/pages"}],"about":[{"href":"https:\/\/kirsten-klein.de\/index.php?rest_route=\/wp\/v2\/types\/page"}],"author":[{"embeddable":true,"href":"https:\/\/kirsten-klein.de\/index.php?rest_route=\/wp\/v2\/users\/1"}],"replies":[{"embeddable":true,"href":"https:\/\/kirsten-klein.de\/index.php?rest_route=%2Fwp%2Fv2%2Fcomments&post=200"}],"version-history":[{"count":2,"href":"https:\/\/kirsten-klein.de\/index.php?rest_route=\/wp\/v2\/pages\/200\/revisions"}],"predecessor-version":[{"id":202,"href":"https:\/\/kirsten-klein.de\/index.php?rest_route=\/wp\/v2\/pages\/200\/revisions\/202"}],"wp:attachment":[{"href":"https:\/\/kirsten-klein.de\/index.php?rest_route=%2Fwp%2Fv2%2Fmedia&parent=200"}],"curies":[{"name":"wp","href":"https:\/\/api.w.org\/{rel}","templated":true}]}}